{"id":2,"date":"2014-06-24T09:24:48","date_gmt":"2014-06-24T09:24:48","guid":{"rendered":"http:\/\/www.jt-kaijansinkko.net\/?page_id=2"},"modified":"2021-12-07T20:57:49","modified_gmt":"2021-12-07T18:57:49","slug":"esimerkkisivu","status":"publish","type":"page","link":"https:\/\/www.jt-kaijansinkko.net\/","title":{"rendered":"Etusivu"},"content":{"rendered":"<p align=\"LEFT\"><i><span style=\"font-size: large;\">Soran ja murskeen myynti ja kuljetus <\/span><\/i><\/p>\n<p>J&amp;T Kaijansinkko Ky on taipalsaarelainen kiviaineksia myyv\u00e4 yritys, joka on toiminut alalla jo yli 20 vuotta.<\/p>\n<p>Soranottoalue sijaitsee Taipalsaaren Ahokkalan kyl\u00e4ss\u00e4, josta toimitetaan soraa ja murskeita l\u00e4hialueille.<\/p>\n","protected":false},"excerpt":{"rendered":"<p>Soran ja murskeen myynti ja kuljetus J&amp;T Kaijansinkko Ky on taipalsaarelainen kiviaineksia myyv\u00e4 yritys, joka on toiminut alalla jo yli 20 vuotta. Soranottoalue sijaitsee Taipalsaaren Ahokkalan kyl\u00e4ss\u00e4, josta toimitetaan soraa ja murskeita l\u00e4hialueille.<\/p>\n","protected":false},"author":1,"featured_media":0,"parent":0,"menu_order":0,"comment_status":"closed","ping_status":"closed","template":"","meta":{"footnotes":""},"_links":{"self":[{"href":"https:\/\/www.jt-kaijansinkko.net\/index.php?rest_route=\/wp\/v2\/pages\/2"}],"collection":[{"href":"https:\/\/www.jt-kaijansinkko.net\/index.php?rest_route=\/wp\/v2\/pages"}],"about":[{"href":"https:\/\/www.jt-kaijansinkko.net\/index.php?rest_route=\/wp\/v2\/types\/page"}],"author":[{"embeddable":true,"href":"https:\/\/www.jt-kaijansinkko.net\/index.php?rest_route=\/wp\/v2\/users\/1"}],"replies":[{"embeddable":true,"href":"https:\/\/www.jt-kaijansinkko.net\/index.php?rest_route=%2Fwp%2Fv2%2Fcomments&post=2"}],"version-history":[{"count":4,"href":"https:\/\/www.jt-kaijansinkko.net\/index.php?rest_route=\/wp\/v2\/pages\/2\/revisions"}],"predecessor-version":[{"id":107,"href":"https:\/\/www.jt-kaijansinkko.net\/index.php?rest_route=\/wp\/v2\/pages\/2\/revisions\/107"}],"wp:attachment":[{"href":"https:\/\/www.jt-kaijansinkko.net\/index.php?rest_route=%2Fwp%2Fv2%2Fmedia&parent=2"}],"curies":[{"name":"wp","href":"https:\/\/api.w.org\/{rel}","templated":true}]}}